{"id":490,"date":"2017-07-04T18:53:48","date_gmt":"2017-07-04T16:53:48","guid":{"rendered":"http:\/\/musikwohnzimmer.de\/?page_id=490"},"modified":"2017-07-04T19:02:39","modified_gmt":"2017-07-04T17:02:39","slug":"musikwohnzimmer-was-ist-das","status":"publish","type":"page","link":"https:\/\/musikwohnzimmer.de\/?page_id=490","title":{"rendered":"Musikwohnzimmer. Was ist das?"},"content":{"rendered":"<p>Wir sind das Musikwohnzimmer und produzieren regelm\u00e4\u00dfig Musiksendungen \u00fcber lokale Bands und Musiker. Unser Team besteht aus jungen Leuten zwischen 15 und 20 Jahren aus Wuppertal und Umgebung. Gemeinsam bilden wir die Redaktion des Musikwohnzimmers, in der wir unseren Drehs besprechen und planen.\u00a0 Das Musikwohnzimmer ist als Projekt Teil der offenen Wuppertaler Jugendarbeit und wird getragen vom CVJM Elberfeld e.V. und dem LVR.<\/p>\n<p><a href=\"http:\/\/www.musikwohnzimmer.de\/wp-content\/uploads\/2016\/11\/CVJM_Podcast_Musikwohnzimmer_K5_DRUCK_DINA3-1-Kopie.jpg\"><img decoding=\"async\" loading=\"lazy\" class=\"alignleft wp-image-252 size-large\" src=\"http:\/\/www.musikwohnzimmer.de\/wp-content\/uploads\/2016\/11\/CVJM_Podcast_Musikwohnzimmer_K5_DRUCK_DINA3-1-Kopie-725x1024.jpg\" alt=\"cvjm_podcast_musikwohnzimmer_k5_druck_dina3-1-kopie\" width=\"676\" height=\"955\" srcset=\"http:\/\/www.musikwohnzimmer.de\/wp-content\/uploads\/2016\/11\/CVJM_Podcast_Musikwohnzimmer_K5_DRUCK_DINA3-1-Kopie-725x1024.jpg 725w, http:\/\/www.musikwohnzimmer.de\/wp-content\/uploads\/2016\/11\/CVJM_Podcast_Musikwohnzimmer_K5_DRUCK_DINA3-1-Kopie-106x150.jpg 106w, http:\/\/www.musikwohnzimmer.de\/wp-content\/uploads\/2016\/11\/CVJM_Podcast_Musikwohnzimmer_K5_DRUCK_DINA3-1-Kopie-213x300.jpg 213w, http:\/\/www.musikwohnzimmer.de\/wp-content\/uploads\/2016\/11\/CVJM_Podcast_Musikwohnzimmer_K5_DRUCK_DINA3-1-Kopie-768x1084.jpg 768w, http:\/\/www.musikwohnzimmer.de\/wp-content\/uploads\/2016\/11\/CVJM_Podcast_Musikwohnzimmer_K5_DRUCK_DINA3-1-Kopie-945x1334.jpg 945w, http:\/\/www.musikwohnzimmer.de\/wp-content\/uploads\/2016\/11\/CVJM_Podcast_Musikwohnzimmer_K5_DRUCK_DINA3-1-Kopie-600x847.jpg 600w\" sizes=\"(max-width: 676px) 100vw, 676px\" \/><\/a><\/p>\n<p>&nbsp;<\/p>\n","protected":false},"excerpt":{"rendered":"<p>Wir sind das Musikwohnzimmer und produzieren regelm\u00e4\u00dfig Musiksendungen \u00fcber lokale Bands und Musiker. Unser Team besteht aus jungen Leuten zwischen 15 und 20 Jahren aus Wuppertal und Umgebung. Gemeinsam bilden wir die Redaktion des Musikwohnzimmers, in der wir unseren Drehs&#8230; <a class=\"more-link\" href=\"https:\/\/musikwohnzimmer.de\/?page_id=490\">Weiterlesen &rarr;<\/a><\/p>\n","protected":false},"author":1,"featured_media":0,"parent":248,"menu_order":0,"comment_status":"closed","ping_status":"closed","template":"","meta":[],"_links":{"self":[{"href":"https:\/\/musikwohnzimmer.de\/index.php?rest_route=\/wp\/v2\/pages\/490"}],"collection":[{"href":"https:\/\/musikwohnzimmer.de\/index.php?rest_route=\/wp\/v2\/pages"}],"about":[{"href":"https:\/\/musikwohnzimmer.de\/index.php?rest_route=\/wp\/v2\/types\/page"}],"author":[{"embeddable":true,"href":"https:\/\/musikwohnzimmer.de\/index.php?rest_route=\/wp\/v2\/users\/1"}],"replies":[{"embeddable":true,"href":"https:\/\/musikwohnzimmer.de\/index.php?rest_route=%2Fwp%2Fv2%2Fcomments&post=490"}],"version-history":[{"count":2,"href":"https:\/\/musikwohnzimmer.de\/index.php?rest_route=\/wp\/v2\/pages\/490\/revisions"}],"predecessor-version":[{"id":495,"href":"https:\/\/musikwohnzimmer.de\/index.php?rest_route=\/wp\/v2\/pages\/490\/revisions\/495"}],"up":[{"embeddable":true,"href":"https:\/\/musikwohnzimmer.de\/index.php?rest_route=\/wp\/v2\/pages\/248"}],"wp:attachment":[{"href":"https:\/\/musikwohnzimmer.de\/index.php?rest_route=%2Fwp%2Fv2%2Fmedia&parent=490"}],"curies":[{"name":"wp","href":"https:\/\/api.w.org\/{rel}","templated":true}]}}