{"id":269,"date":"2016-11-24T15:13:09","date_gmt":"2016-11-24T14:13:09","guid":{"rendered":"http:\/\/musikwohnzimmer.de\/?page_id=269"},"modified":"2016-11-24T15:56:12","modified_gmt":"2016-11-24T14:56:12","slug":"als-gastmusiker-bewerben","status":"publish","type":"page","link":"https:\/\/musikwohnzimmer.de\/?page_id=269","title":{"rendered":"Als Gast\/Musiker bewerben"},"content":{"rendered":"<p style=\"text-align: left;\">\n<p style=\"text-align: left;\"><img decoding=\"async\" loading=\"lazy\" class=\"alignleft size-medium wp-image-276\" src=\"http:\/\/www.musikwohnzimmer.de\/wp-content\/uploads\/2016\/11\/IMG_7939-300x200.jpg\" alt=\"img_7939\" width=\"300\" height=\"200\" srcset=\"http:\/\/www.musikwohnzimmer.de\/wp-content\/uploads\/2016\/11\/IMG_7939-300x200.jpg 300w, http:\/\/www.musikwohnzimmer.de\/wp-content\/uploads\/2016\/11\/IMG_7939-150x100.jpg 150w, http:\/\/www.musikwohnzimmer.de\/wp-content\/uploads\/2016\/11\/IMG_7939-768x512.jpg 768w, http:\/\/www.musikwohnzimmer.de\/wp-content\/uploads\/2016\/11\/IMG_7939-1024x683.jpg 1024w, http:\/\/www.musikwohnzimmer.de\/wp-content\/uploads\/2016\/11\/IMG_7939-945x630.jpg 945w, http:\/\/www.musikwohnzimmer.de\/wp-content\/uploads\/2016\/11\/IMG_7939-600x400.jpg 600w, http:\/\/www.musikwohnzimmer.de\/wp-content\/uploads\/2016\/11\/IMG_7939-272x182.jpg 272w\" sizes=\"(max-width: 300px) 100vw, 300px\" \/><\/p>\n<p style=\"text-align: left;\">\n<p style=\"text-align: left;\">\n<p style=\"text-align: left;\">\n<p style=\"text-align: left;\">\n<p style=\"text-align: left;\">\n<p style=\"text-align: left;\">\n<p style=\"text-align: left;\">Du kommst aus dem Gro\u00dfraum Bergisch Land und machst eigene Musik als Band oder auch als Einzelk\u00fcnstler? Dann bewirb Dich bei uns am besten per Email. Wir freuen uns \u00fcber jede Bewerbung.<\/p>\n<p>&nbsp;<\/p>\n<p>&nbsp;<\/p>\n<div role=\"form\" class=\"wpcf7\" id=\"wpcf7-f205-o1\" lang=\"de-DE\" dir=\"ltr\">\n<div class=\"screen-reader-response\"><p role=\"status\" aria-live=\"polite\" aria-atomic=\"true\"><\/p> <ul><\/ul><\/div>\n<form action=\"\/index.php?rest_route=%2Fwp%2Fv2%2Fpages%2F269#wpcf7-f205-o1\" method=\"post\" class=\"wpcf7-form init\" novalidate=\"novalidate\" data-status=\"init\">\n<div style=\"display: none;\">\n<input type=\"hidden\" name=\"_wpcf7\" value=\"205\" \/>\n<input type=\"hidden\" name=\"_wpcf7_version\" value=\"5.6.4\" \/>\n<input type=\"hidden\" name=\"_wpcf7_locale\" value=\"de_DE\" \/>\n<input type=\"hidden\" name=\"_wpcf7_unit_tag\" value=\"wpcf7-f205-o1\" \/>\n<input type=\"hidden\" name=\"_wpcf7_container_post\" value=\"0\" \/>\n<input type=\"hidden\" name=\"_wpcf7_posted_data_hash\" value=\"\" \/>\n<\/div>\n<p><label> Ihr Name (Pflichtfeld)<br \/>\n    <span class=\"wpcf7-form-control-wrap\" data-name=\"your-name\"><input type=\"text\" name=\"your-name\" value=\"\" size=\"40\" class=\"wpcf7-form-control wpcf7-text wpcf7-validates-as-required\" aria-required=\"true\" aria-invalid=\"false\" \/><\/span> <\/label><\/p>\n<p><label> Ihre E-Mail-Adresse (Pflichtfeld)<br \/>\n    <span class=\"wpcf7-form-control-wrap\" data-name=\"your-email\"><input type=\"email\" name=\"your-email\" value=\"\" size=\"40\" class=\"wpcf7-form-control wpcf7-text wpcf7-email wpcf7-validates-as-required wpcf7-validates-as-email\" aria-required=\"true\" aria-invalid=\"false\" \/><\/span> <\/label><\/p>\n<p><label> Betreff<br \/>\n    <span class=\"wpcf7-form-control-wrap\" data-name=\"your-subject\"><input type=\"text\" name=\"your-subject\" value=\"\" size=\"40\" class=\"wpcf7-form-control wpcf7-text\" aria-invalid=\"false\" \/><\/span> <\/label><\/p>\n<p><label> Ihre Nachricht<br \/>\n    <span class=\"wpcf7-form-control-wrap\" data-name=\"your-message\"><textarea name=\"your-message\" cols=\"40\" rows=\"10\" class=\"wpcf7-form-control wpcf7-textarea\" aria-invalid=\"false\"><\/textarea><\/span> <\/label><\/p>\n<p><input type=\"submit\" value=\"Senden\" class=\"wpcf7-form-control has-spinner wpcf7-submit\" \/><\/p>\n<p style=\"display: none !important;\"><label>&#916;<textarea name=\"_wpcf7_ak_hp_textarea\" cols=\"45\" rows=\"8\" maxlength=\"100\"><\/textarea><\/label><input type=\"hidden\" id=\"ak_js_1\" name=\"_wpcf7_ak_js\" value=\"236\"\/><script>document.getElementById( \"ak_js_1\" ).setAttribute( \"value\", ( new Date() ).getTime() );<\/script><\/p><div class=\"wpcf7-response-output\" aria-hidden=\"true\"><\/div><\/form><\/div>\n","protected":false},"excerpt":{"rendered":"<p>Du kommst aus dem Gro\u00dfraum Bergisch Land und machst eigene Musik als Band oder auch als Einzelk\u00fcnstler? Dann bewirb Dich bei uns am besten per Email. Wir freuen uns \u00fcber jede Bewerbung. &nbsp; &nbsp;<\/p>\n","protected":false},"author":1,"featured_media":0,"parent":0,"menu_order":0,"comment_status":"closed","ping_status":"closed","template":"","meta":[],"_links":{"self":[{"href":"https:\/\/musikwohnzimmer.de\/index.php?rest_route=\/wp\/v2\/pages\/269"}],"collection":[{"href":"https:\/\/musikwohnzimmer.de\/index.php?rest_route=\/wp\/v2\/pages"}],"about":[{"href":"https:\/\/musikwohnzimmer.de\/index.php?rest_route=\/wp\/v2\/types\/page"}],"author":[{"embeddable":true,"href":"https:\/\/musikwohnzimmer.de\/index.php?rest_route=\/wp\/v2\/users\/1"}],"replies":[{"embeddable":true,"href":"https:\/\/musikwohnzimmer.de\/index.php?rest_route=%2Fwp%2Fv2%2Fcomments&post=269"}],"version-history":[{"count":4,"href":"https:\/\/musikwohnzimmer.de\/index.php?rest_route=\/wp\/v2\/pages\/269\/revisions"}],"predecessor-version":[{"id":279,"href":"https:\/\/musikwohnzimmer.de\/index.php?rest_route=\/wp\/v2\/pages\/269\/revisions\/279"}],"wp:attachment":[{"href":"https:\/\/musikwohnzimmer.de\/index.php?rest_route=%2Fwp%2Fv2%2Fmedia&parent=269"}],"curies":[{"name":"wp","href":"https:\/\/api.w.org\/{rel}","templated":true}]}}